{"id":18,"date":"2015-03-30T15:14:00","date_gmt":"2015-03-30T14:14:00","guid":{"rendered":"https:\/\/weingut-cipolla.ch\/2023\/?page_id=18"},"modified":"2026-04-21T17:53:39","modified_gmt":"2026-04-21T16:53:39","slug":"commande","status":"publish","type":"page","link":"https:\/\/weingut-cipolla.ch\/2023\/de\/commande\/","title":{"rendered":"Bestellen"},"content":{"rendered":"<p>Sie k\u00f6nnen auf dieser Intranetseite im  nachfolgenden Formular die Bestellung ausf\u00fchren oder uns per Telefon oder per Email die Bestellung \u00fcbermitteln.<\/p>\r\n<p>Alle unsere Weine sind Teil der AOC Wallis.<\/p>\r\n\r\n\n<div class=\"wpcf7 no-js\" id=\"wpcf7-f28-o2\" lang=\"fr-FR\" dir=\"ltr\" data-wpcf7-id=\"28\">\n<div class=\"screen-reader-response\"><p role=\"status\" aria-live=\"polite\" aria-atomic=\"true\"><\/p> <ul><\/ul><\/div>\n<form action=\"\/2023\/de\/wp-json\/wp\/v2\/pages\/18#wpcf7-f28-o2\" method=\"post\" class=\"wpcf7-form init\" aria-label=\"Formulaire de contact\" novalidate=\"novalidate\" data-status=\"init\">\n<fieldset class=\"hidden-fields-container\"><input type=\"hidden\" name=\"_wpcf7\" value=\"28\" \/><input type=\"hidden\" name=\"_wpcf7_version\" value=\"6.1.5\" \/><input type=\"hidden\" name=\"_wpcf7_locale\" value=\"fr_FR\" \/><input type=\"hidden\" name=\"_wpcf7_unit_tag\" value=\"wpcf7-f28-o2\" \/><input type=\"hidden\" name=\"_wpcf7_container_post\" value=\"0\" \/><input type=\"hidden\" name=\"_wpcf7_posted_data_hash\" value=\"\" \/>\n<\/fieldset>\n<p><label>Name <span class=\"alert\">(obligatorisch)<\/span><\/label><span class=\"wpcf7-form-control-wrap\" data-name=\"nom\"><input size=\"40\" maxlength=\"400\" class=\"wpcf7-form-control wpcf7-text wpcf7-validates-as-required\" aria-required=\"true\" aria-invalid=\"false\" value=\"\" type=\"text\" name=\"nom\" \/><\/span><br \/>\n<label>E-Mail<\/label><span class=\"wpcf7-form-control-wrap\" data-name=\"email\"><input size=\"40\" maxlength=\"400\" class=\"wpcf7-form-control wpcf7-email wpcf7-text wpcf7-validates-as-email\" aria-invalid=\"false\" value=\"\" type=\"email\" name=\"email\" \/><\/span><br \/>\n<label>Telefon <span class=\"alert\">(obligatorisch)<\/span><\/label><span class=\"wpcf7-form-control-wrap\" data-name=\"tel\"><input size=\"40\" maxlength=\"400\" class=\"wpcf7-form-control wpcf7-tel wpcf7-validates-as-required wpcf7-text wpcf7-validates-as-tel\" aria-required=\"true\" aria-invalid=\"false\" value=\"\" type=\"tel\" name=\"tel\" \/><\/span><br \/>\n<label>Adresse und Ort <span class=\"alert\">(obligatorisch)<\/span><\/label><span class=\"wpcf7-form-control-wrap\" data-name=\"address\"><input size=\"40\" maxlength=\"400\" class=\"wpcf7-form-control wpcf7-text wpcf7-validates-as-required\" aria-required=\"true\" aria-invalid=\"false\" value=\"\" type=\"text\" name=\"address\" \/><\/span><br \/>\n<hr \/>\n<\/p>\n<dl>\n\t<dt>\n\t\t<p><strong>Fendant<\/strong> &laquo;&nbsp;Herbsttag&nbsp;&raquo;<br \/>\n2025\n\t\t<\/p>\n\t<\/dt>\n\t<dd>\n\t\t<p>75&nbsp;cl | CHF&nbsp;15.00\n\t\t<\/p>\n\t<\/dd>\n\t<dd class=\"qty\" data-price=\"15.00\">\n\t\t<p><span class=\"wpcf7-form-control-wrap\" data-name=\"herbsttag75\"><input class=\"wpcf7-form-control wpcf7-number wpcf7-validates-as-number\" min=\"0\" aria-invalid=\"false\" value=\"\" type=\"number\" name=\"herbsttag75\" \/><\/span><span class=\"unit\">Flaschen<\/span>\n\t\t<\/p>\n\t<\/dd>\n<hr class=\"intervins\" \/>\n\t<dt>\n\t\t<p><strong>Johannisberg<\/strong> &laquo;&nbsp;Ty\u00e8tzer\u00e9&nbsp;&raquo;<br \/>\n2025\n\t\t<\/p>\n\t<\/dt>\n\t<dd>\n\t\t<p>75&nbsp;cl | CHF&nbsp;19.00\n\t\t<\/p>\n\t<\/dd>\n\t<dd class=\"qty\" data-price=\"19\">\n\t\t<p><span class=\"wpcf7-form-control-wrap\" data-name=\"tyetzere75\"><input class=\"wpcf7-form-control wpcf7-number wpcf7-validates-as-number\" min=\"0\" aria-invalid=\"false\" value=\"\" type=\"number\" name=\"tyetzere75\" \/><\/span><span class=\"unit\">Flaschen<\/span>\n\t\t<\/p>\n\t<\/dd>\n\t<dt>\n\t<\/dt>\n\t<dd>\n\t\t<p>50&nbsp;cl | CHF&nbsp;14.00\n\t\t<\/p>\n\t<\/dd>\n\t<dd class=\"qty\" data-price=\"14\">\n\t\t<p><span class=\"wpcf7-form-control-wrap\" data-name=\"tyetzere50\"><input class=\"wpcf7-form-control wpcf7-number wpcf7-validates-as-number\" min=\"0\" aria-invalid=\"false\" value=\"\" type=\"number\" name=\"tyetzere50\" \/><\/span><span class=\"unit\">Flaschen<\/span>\n\t\t<\/p>\n\t<\/dd>\n<hr class=\"intervins\" \/>\n\t<dt>\n\t\t<p><strong>Sauvignon blanc<\/strong> &laquo;&nbsp;Blattacker&nbsp;&raquo;<br \/>\n2025\n\t\t<\/p>\n\t<\/dt>\n\t<dd>\n\t\t<p>75&nbsp;cl | CHF&nbsp;25.00\n\t\t<\/p>\n\t<\/dd>\n\t<dd class=\"qty\" data-price=\"25\">\n\t\t<p><span class=\"wpcf7-form-control-wrap\" data-name=\"sauvignon75\"><input class=\"wpcf7-form-control wpcf7-number wpcf7-validates-as-number\" min=\"0\" aria-invalid=\"false\" value=\"\" type=\"number\" name=\"sauvignon75\" \/><\/span><span class=\"unit\">Flaschen<\/span>\n\t\t<\/p>\n\t<\/dd>\n<hr class=\"intervins\" \/>\n\t<dt>\n\t\t<p><strong>Heida<\/strong> &laquo;&nbsp;Toli&nbsp;&raquo;<br \/>\n2025\n\t\t<\/p>\n\t<\/dt>\n\t<dd>\n\t\t<p>75&nbsp;cl | CHF&nbsp;25.00\n\t\t<\/p>\n\t<\/dd>\n\t<dd class=\"qty\" data-price=\"25\">\n\t\t<p><span class=\"wpcf7-form-control-wrap\" data-name=\"toli75\"><input class=\"wpcf7-form-control wpcf7-number wpcf7-validates-as-number\" min=\"0\" aria-invalid=\"false\" value=\"\" type=\"number\" name=\"toli75\" \/><\/span><span class=\"unit\">Flaschen<\/span>\n\t\t<\/p>\n\t<\/dd>\n<hr class=\"intervins\" \/>\n\t<dt>\n\t\t<p><strong>Lafnetscha<\/strong> &laquo;&nbsp;Zettin&nbsp;&raquo;<br \/>\n2025 | \u00e9lev\u00e9 en amphore\n\t\t<\/p>\n\t<\/dt>\n\t<dd>\n\t\t<p>75&nbsp;cl | CHF&nbsp;30.00\n\t\t<\/p>\n\t<\/dd>\n\t<dd class=\"qty\" data-price=\"30\">\n\t\t<p><span class=\"wpcf7-form-control-wrap\" data-name=\"zettin75\"><input class=\"wpcf7-form-control wpcf7-number wpcf7-validates-as-number\" min=\"0\" aria-invalid=\"false\" value=\"\" type=\"number\" name=\"zettin75\" \/><\/span><span class=\"unit\">Flaschen<\/span>\n\t\t<\/p>\n\t<\/dd>\n<\/dl>\n<hr class=\"intervins\" \/>\n<dt>\n\t<p><strong>Garanoir Ros\u00e9<\/strong><br \/>\n2024\n\t<\/p>\n<\/dt>\n<dd>\n\t<p>50&nbsp;cl | CHF&nbsp;14.00\n\t<\/p>\n<\/dd>\n<dd class=\"qty\" data-price=\"14.00\">\n\t<p><span class=\"wpcf7-form-control-wrap\" data-name=\"garanoir50\"><input class=\"wpcf7-form-control wpcf7-number wpcf7-validates-as-number\" min=\"0\" aria-invalid=\"false\" value=\"\" type=\"number\" name=\"garanoir50\" \/><\/span><span class=\"unit\">Flaschen<\/span>\n\t<\/p>\n<\/dd>\n<hr class=\"clear\" \/>\n<dl>\n\t<dt>\n\t\t<p><strong>Pinot Noir<\/strong> &laquo;&nbsp;Steinschlag&nbsp;&raquo;<br \/>\n2024\n\t\t<\/p>\n\t<\/dt>\n\t<dd>\n\t\t<p>75&nbsp;cl | CHF&nbsp;22.00\n\t\t<\/p>\n\t<\/dd>\n\t<dd class=\"qty\" data-price=\"22\">\n\t\t<p><span class=\"wpcf7-form-control-wrap\" data-name=\"steinschlag75\"><input class=\"wpcf7-form-control wpcf7-number wpcf7-validates-as-number\" min=\"0\" aria-invalid=\"false\" value=\"\" type=\"number\" name=\"steinschlag75\" \/><\/span><span class=\"unit\">Flaschen<\/span>\n\t\t<\/p>\n\t<\/dd>\n<hr class=\"intervins\" \/>\n\t<dt>\n\t\t<p><strong>Diolinoir<\/strong> &laquo;&nbsp;Schwarzhals&nbsp;&raquo;<br \/>\n2024\n\t\t<\/p>\n\t<\/dt>\n\t<dd>\n\t\t<p>75&nbsp;cl | CHF&nbsp;25.00\n\t\t<\/p>\n\t<\/dd>\n\t<dd class=\"qty\" data-price=\"25\">\n\t\t<p><span class=\"wpcf7-form-control-wrap\" data-name=\"schwarzhals75\"><input class=\"wpcf7-form-control wpcf7-number wpcf7-validates-as-number\" min=\"0\" aria-invalid=\"false\" value=\"\" type=\"number\" name=\"schwarzhals75\" \/><\/span><span class=\"unit\">Flaschen<\/span>\n\t\t<\/p>\n\t<\/dd>\n\t<dt>\n\t<\/dt>\n\t<dd>\n\t\t<p>50&nbsp;cl | CHF&nbsp;18.00\n\t\t<\/p>\n\t<\/dd>\n\t<dd class=\"qty\" data-price=\"18\">\n\t\t<p><span class=\"wpcf7-form-control-wrap\" data-name=\"schwarzhals50\"><input class=\"wpcf7-form-control wpcf7-number wpcf7-validates-as-number\" min=\"0\" aria-invalid=\"false\" value=\"\" type=\"number\" name=\"schwarzhals50\" \/><\/span><span class=\"unit\">Flaschen<\/span>\n\t\t<\/p>\n\t<\/dd>\n<hr class=\"intervins\" \/>\n\t<dt>\n\t\t<p><strong>Syrah<\/strong> &laquo;&nbsp;En-l\u00e0&nbsp;&raquo;<br \/>\n2024\n\t\t<\/p>\n\t<\/dt>\n\t<dd>\n\t\t<p>75&nbsp;cl | CHF&nbsp;27.00\n\t\t<\/p>\n\t<\/dd>\n\t<dd class=\"qty\" data-price=\"27\">\n\t\t<p><span class=\"wpcf7-form-control-wrap\" data-name=\"enla75\"><input class=\"wpcf7-form-control wpcf7-number wpcf7-validates-as-number\" min=\"0\" aria-invalid=\"false\" value=\"\" type=\"number\" name=\"enla75\" \/><\/span><span class=\"unit\">Flaschen<\/span>\n\t\t<\/p>\n\t<\/dd>\n<hr class=\"intervins\" \/>\n\t<dt>\n\t\t<p><strong>Cornalin<\/strong> &laquo;&nbsp;Landroter&nbsp;&raquo;<br \/>\n2024\n\t\t<\/p>\n\t<\/dt>\n\t<dd>\n\t\t<p>75&nbsp;cl | CHF&nbsp;28.00\n\t\t<\/p>\n\t<\/dd>\n\t<dd class=\"qty\" data-price=\"28\">\n\t\t<p><span class=\"wpcf7-form-control-wrap\" data-name=\"landroter75\"><input class=\"wpcf7-form-control wpcf7-number wpcf7-validates-as-number\" min=\"0\" aria-invalid=\"false\" value=\"\" type=\"number\" name=\"landroter75\" \/><\/span><span class=\"unit\">Flaschen<\/span>\n\t\t<\/p>\n\t<\/dd>\n<hr class=\"intervins\" \/>\n\t<dt>\n\t\t<p><strong>Pinot Noir<\/strong> &laquo;&nbsp;Vieilles Vignes&nbsp;&raquo;<br \/>\n2023 | \u00e9lev\u00e9 en barrique\n\t\t<\/p>\n\t<\/dt>\n\t<dd>\n\t\t<p>75&nbsp;cl | CHF&nbsp;28.00\n\t\t<\/p>\n\t<\/dd>\n\t<dd class=\"qty\" data-price=\"28\">\n\t\t<p><span class=\"wpcf7-form-control-wrap\" data-name=\"barrique75\"><input class=\"wpcf7-form-control wpcf7-number wpcf7-validates-as-number\" min=\"0\" aria-invalid=\"false\" value=\"\" type=\"number\" name=\"barrique75\" \/><\/span><span class=\"unit\">Flaschen<\/span>\n\t\t<\/p>\n\t<\/dd>\n<hr class=\"intervins\" \/>\n\t<dt>\n\t\t<p><strong>Carminoir<\/strong><br \/>\n2024\n\t\t<\/p>\n\t<\/dt>\n\t<dd>\n\t\t<p>75&nbsp;cl | CHF&nbsp;28.00\n\t\t<\/p>\n\t<\/dd>\n\t<dd class=\"qty\" data-price=\"28\">\n\t\t<p><span class=\"wpcf7-form-control-wrap\" data-name=\"carminoir75\"><input class=\"wpcf7-form-control wpcf7-number wpcf7-validates-as-number\" min=\"0\" aria-invalid=\"false\" value=\"\" type=\"number\" name=\"carminoir75\" \/><\/span><span class=\"unit\">Flaschen<\/span>\n\t\t<\/p>\n\t<\/dd>\n\n<!--\n<hr class=\"intervins\" \/>\n<dt><strong>Syrah<\/strong> &laquo;&nbsp;Flugsenegge&nbsp;&raquo;<br \/>2023<\/dt>\n<dd>75&nbsp;cl | CHF&nbsp;35.00<\/dd>\n<dd class=\"qty\" data-price=\"35\"><span class=\"wpcf7-form-control-wrap\" data-name=\"flugsenegge75\"><input class=\"wpcf7-form-control wpcf7-number wpcf7-validates-as-number\" min=\"0\" aria-invalid=\"false\" value=\"\" type=\"number\" name=\"flugsenegge75\" \/><\/span> <span class=\"unit\">Flaschen<\/span><\/dd>\n-->\n<hr class=\"intervins\" \/>\n\t<dt>\n\t\t<p><strong>Syrah<\/strong> &laquo;&nbsp;Cuv\u00e9e Mairy-Corinne&nbsp;&raquo;<br \/>\n2022\n\t\t<\/p>\n\t<\/dt>\n\t<dd>\n\t\t<p>75&nbsp;cl | CHF&nbsp;35.00\n\t\t<\/p>\n\t<\/dd>\n\t<dd class=\"qty\" data-price=\"35\">\n\t\t<p><span class=\"wpcf7-form-control-wrap\" data-name=\"mairy75\"><input class=\"wpcf7-form-control wpcf7-number wpcf7-validates-as-number\" min=\"0\" aria-invalid=\"false\" value=\"\" type=\"number\" name=\"mairy75\" \/><\/span><span class=\"unit\">Flaschen<\/span>\n\t\t<\/p>\n\t<\/dd>\n\n<!--\n<hr class=\"intervins\" \/>\n<dt><strong>Cuv\u00e9e Araron<\/strong><\/dt>\n<dd>75&nbsp;cl | CHF&nbsp;30.00<\/dd>\n<dd class=\"qty\" data-price=\"30\"><span class=\"wpcf7-form-control-wrap\" data-name=\"araron75\"><input class=\"wpcf7-form-control wpcf7-number wpcf7-validates-as-number\" min=\"0\" aria-invalid=\"false\" value=\"\" type=\"number\" name=\"araron75\" \/><\/span> <span class=\"unit\">Flaschen<\/span><\/dd>\n-->\n<\/dl>\n<hr class=\"clear\" \/>\n<div class=\"estimate\">\n\t<p>Gesamtbetrag der bestellten Menge CHF <span>0<\/span>\n\t<\/p>\n<\/div>\n<hr \/>\n<p>Ihre Mitteilung zur Bestellung<br \/>\n<span class=\"wpcf7-form-control-wrap\" data-name=\"commentaire\"><textarea cols=\"30\" rows=\"5\" maxlength=\"2000\" class=\"wpcf7-form-control wpcf7-textarea\" aria-invalid=\"false\" name=\"commentaire\"><\/textarea><\/span><br \/>\n<hr \/><br \/>\n<strong>Lieferung<\/strong>\n<\/p>\n<p><span class=\"wpcf7-form-control-wrap\" data-name=\"livraison\"><span class=\"wpcf7-form-control wpcf7-radio\"><span class=\"wpcf7-list-item first\"><input type=\"radio\" name=\"livraison\" value=\"Lieferung an meine Adresse erw\u00fcnscht.\" checked=\"checked\" \/><span class=\"wpcf7-list-item-label\">Lieferung an meine Adresse erw\u00fcnscht.<\/span><\/span><span class=\"wpcf7-list-item last\"><input type=\"radio\" name=\"livraison\" value=\"Bestellung wird im Weinkeller abgeholt\" \/><span class=\"wpcf7-list-item-label\">Bestellung wird im Weinkeller abgeholt<\/span><\/span><\/span><\/span><br \/>\n<strong>Rechnung<\/strong>\n<\/p>\n<p><span class=\"wpcf7-form-control-wrap\" data-name=\"facturation\"><span class=\"wpcf7-form-control wpcf7-radio\"><span class=\"wpcf7-list-item first\"><input type=\"radio\" name=\"facturation\" value=\"Rechnung an meine Adresse erw\u00fcnscht\" checked=\"checked\" \/><span class=\"wpcf7-list-item-label\">Rechnung an meine Adresse erw\u00fcnscht<\/span><\/span><span class=\"wpcf7-list-item last\"><input type=\"radio\" name=\"facturation\" value=\"Rechnung per Post\" \/><span class=\"wpcf7-list-item-label\">Rechnung per Post<\/span><\/span><\/span><\/span>\n<\/p>\n<ul>\n\t<li>\n\t\t<p>Die Preise verstehen sich inkl. MwSt und gelten bei Abholung beim Weinkeller.\n\t\t<\/p>\n\t<\/li>\n\t<li>\n\t\t<p>Zahlungsfrist : innert 30 Tage netto.\n\t\t<\/p>\n\t<\/li>\n\t<li>\n\t\t<p>Mindestbestellung : 6 Flaschen f\u00fcr Postzustellung. Bis 11 Flaschen werden die Transportkosten separat fakturiert. Ab 12 Flaschen gilt Lieferung franko Domizil.\n\t\t<\/p>\n\t<\/li>\n<\/ul>\n<p>&nbsp;<br \/>\n<span class=\"wpcf7-form-control-wrap\" data-name=\"conditions\"><span class=\"wpcf7-form-control wpcf7-acceptance\"><span class=\"wpcf7-list-item\"><input type=\"checkbox\" name=\"conditions\" value=\"1\" aria-invalid=\"false\" \/><\/span><\/span><\/span><span>Ich akzeptiere die Bedingungen f\u00fcr die Bestellung <\/span><br \/>\n&nbsp;<br \/>\n<input class=\"wpcf7-form-control wpcf7-submit has-spinner\" type=\"submit\" value=\"Bestellung senden\" \/>\n<\/p><div class=\"wpcf7-response-output\" aria-hidden=\"true\"><\/div>\n<\/form>\n<\/div>\n\r\n\r\n<br \/>\r\n<div class=\"bank\">\r\n<strong>Unsere Bankverbindung:<\/strong><br \/>\r\n<em>Raiffeisen Gampel-Raron 3945 Gampel<br \/>\r\nCH88 8052 1000 0039 2342 5<\/em>\r\n<\/div>","protected":false},"excerpt":{"rendered":"Sie k\u00f6nnen auf dieser Intranetseite im nachfolgenden Formular die Bestellung ausf\u00fchren oder uns per Telefon oder per Email die Bestellung \u00fcbermitteln. Alle unsere Weine sind Teil der AOC Wallis. Unsere Bankverbindung: Raiffeisen Gampel-Raron 3945 Gampel CH88 8052 1000 0039 2342 5","protected":false},"author":1,"featured_media":0,"parent":0,"menu_order":7,"comment_status":"closed","ping_status":"closed","template":"","meta":{"footnotes":""},"class_list":["post-18","page","type-page","status-publish","hentry"],"_links":{"self":[{"href":"https:\/\/weingut-cipolla.ch\/2023\/de\/wp-json\/wp\/v2\/pages\/18","targetHints":{"allow":["GET"]}}],"collection":[{"href":"https:\/\/weingut-cipolla.ch\/2023\/de\/wp-json\/wp\/v2\/pages"}],"about":[{"href":"https:\/\/weingut-cipolla.ch\/2023\/de\/wp-json\/wp\/v2\/types\/page"}],"author":[{"embeddable":true,"href":"https:\/\/weingut-cipolla.ch\/2023\/de\/wp-json\/wp\/v2\/users\/1"}],"replies":[{"embeddable":true,"href":"https:\/\/weingut-cipolla.ch\/2023\/de\/wp-json\/wp\/v2\/comments?post=18"}],"version-history":[{"count":21,"href":"https:\/\/weingut-cipolla.ch\/2023\/de\/wp-json\/wp\/v2\/pages\/18\/revisions"}],"predecessor-version":[{"id":2915,"href":"https:\/\/weingut-cipolla.ch\/2023\/de\/wp-json\/wp\/v2\/pages\/18\/revisions\/2915"}],"wp:attachment":[{"href":"https:\/\/weingut-cipolla.ch\/2023\/de\/wp-json\/wp\/v2\/media?parent=18"}],"curies":[{"name":"wp","href":"https:\/\/api.w.org\/{rel}","templated":true}]}}