{"id":194,"date":"2015-12-29T13:34:00","date_gmt":"2015-12-29T12:34:00","guid":{"rendered":"https:\/\/weingut-cipolla.ch\/2023\/?page_id=194"},"modified":"2023-06-14T14:01:42","modified_gmt":"2023-06-14T13:01:42","slug":"nos-partenaires","status":"publish","type":"page","link":"https:\/\/weingut-cipolla.ch\/2023\/de\/nous-trouver\/nos-partenaires\/","title":{"rendered":"Gastrobetrieben"},"content":{"rendered":"<p>Unsere Weine finden Sie in folgenden Gastrobetrieben:<\/p>\r\n<div class=\"partners\">\r\n\r\n<div class=\"col\">\r\n<h2>Cave SA<\/h2>\r\nRue de Malagny 28<br \/>\r\n1196 Gland<br \/>\r\nt\u00e9l: +41 (0)22 354 20 20<br \/>\r\n<a href=\"http:\/\/www.cavesa.ch\/\">website<\/a>\r\n<\/div>\r\n\r\n<div class=\"col\">\r\n<h2>Le magasin Vinurba SA<\/h2>\r\nRue de la Tournelle 22A<br \/>\r\n1350 Orbe<br \/>\r\nt\u00e9l: +41 (0)24 441 61 70<br \/>\r\n<a href=\"http:\/\/www.vinurba.ch\/\">website<\/a>\r\n<\/div>\r\n\r\n<div class=\"col\">\r\n<h2>L&#8217;h\u00f4tel de la Gare<\/h2>\r\nAv. de la Gare 13<br \/>\r\n1522 Lucens<br \/>\r\nt\u00e9l: +41 (0)21 906 12 50<br \/>\r\n<a href=\"http:\/\/www.hoteldelagarelucens.ch\/\">website<\/a>\r\n<\/div>\r\n\r\n<div class=\"col\">\r\n<h2>Piccands vins<\/h2>\r\nRoute des Grandseys 81<br \/>\r\n1564 Domdidier<br \/>\r\nt\u00e9l: +41 (0)26 675 13 24<br \/>\r\n<a href=\"http:\/\/www.cl-piccand.ch\/\">website<\/a>\r\n<\/div>\r\n\r\n<div class=\"col\">\r\n<h2>Le Ch\u00e2tel<\/h2>\r\nAv. de la Gare 52<br \/>\r\n1618 Ch\u00e2tel-Saint-Denis<br \/>\r\nt\u00e9l: +41 (0)21 931 44 44<br \/>\r\n<a href=\"https:\/\/lechatel.ch\">website<\/a>\r\n<\/div>\r\n\r\n<div class=\"col\">\r\n<h2>La Grange aux Th\u00fcrler<\/h2>\r\nRte de l&#8217;Intyamon 135<br \/>\r\n1666 Villars-sous-Mont<br \/>\r\nt\u00e9l: +41 (0)79 789 19 47<br \/>\r\n&nbsp;\r\n<\/div>\r\n\r\n<div class=\"col\">\r\n<h2>Caf\u00e9 de la Fonderie<\/h2>\r\nRoute de la Fonderie 11<br \/>\r\n1700 Fribourg<br \/>\r\nt\u00e9l: +41 (0)26 301 20 33<br \/>\r\n<a href=\"http:\/\/www.benandleo.ch\/\">website<\/a>\r\n<\/div>\r\n\r\n<div class=\"col\">\r\n<h2>Caf\u00e9 du March\u00e9<\/h2>\r\nRue des Epouses 10<br \/>\r\n1700 Fribourg<br \/>\r\nt\u00e9l: +41 (0)26 321 42 20<br \/>\r\n&nbsp;\r\n<\/div>\r\n\r\n<div class=\"col\">\r\n<h2>Jo. Bar de quartier<\/h2>\r\nRue du Criblet 11<br \/>\r\n1700 Fribourg<br \/>\r\nt\u00e9l: +41 (0)26 525 15 15<br \/>\r\n<a href=\"http:\/\/www.jobardequartier.ch\/\">website<\/a>\r\n<\/div>\r\n\r\n<div class=\"col\">\r\n<h2>Le P\u00e9rolles<\/h2>\r\nBoulevard de P\u00e9rolles 1<br \/>\r\n1700 Fribourg<br \/>\r\nt\u00e9l: +41 (0)26 347 40 30<br \/>\r\n<a href=\"http:\/\/leperolles.ch\/\">website<\/a>\r\n<\/div>\r\n\r\n<div class=\"col\">\r\n<h2>Le restaurant des Trois Tours<\/h2>\r\nRoute de Bourguillon 15<br \/>\r\n1722 Bourguillon<br \/>\r\nt\u00e9l: +41 (0)26 322 30 69<br \/>\r\n<a href=\"http:\/\/www.troistours.ch\/\">website<\/a>\r\n<\/div>\r\n\r\n<div class=\"col\">\r\n<h2>Soleil de Dugny<\/h2>\r\nRoute d&#8217;Ovronnaz 556<br \/>\r\n1912 Dugny (Leytron)<br \/>\r\n<\/div>\r\n\r\n<div class=\"col\">\r\n<h2>Cellier du Manoir<\/h2>\r\nRue du Bourg 16<br \/>\r\n1920 Martigny<br \/>\r\nt\u00e9l: +41 (0)27 722 07 07<br \/>\r\n<a href=\"http:\/\/cellier.ch\/\">website<\/a>\r\n<\/div>\r\n\r\n<div class=\"col\">\r\n<h2>Les Touristes<\/h2>\r\nRue de l&#8217;H\u00f4pital 2<br \/>\r\n1920 Martigny<br \/>\r\n<\/div>\r\n\r\n<div class=\"col\">\r\n<h2>Experimental Chalet<\/h2>\r\nRoute de Verbier Station 44<br \/>\r\n1936 Verbier<br \/>\r\nt\u00e9l: +41 (0)27 775 40 00<br \/>\r\n<a href=\"http:\/\/www.experimentalchalet.com\/\">website<\/a>\r\n<\/div>\r\n\r\n<div class=\"col\">\r\n<h2>Cellier du Manoir<\/h2>\r\nRue du Grand-Pont 23<br \/>\r\n1950 Sion<br \/>\r\nt\u00e9l: +41 (0)27 321 39 69<br \/>\r\n<a href=\"http:\/\/cellier.ch\/\">website<\/a>\r\n<\/div>\r\n\r\n<div class=\"col\">\r\n<h2>Grotto de la Fontaine<\/h2>\r\nRue du Grand-Pont 21<br \/>\r\n1950 Sion<br \/>\r\nt\u00e9l: +41 (0)27 323 83 77<br \/>\r\n<a href=\"http:\/\/www.grotto-fontaine.ch\/\">website<\/a>\r\n<\/div>\r\n\r\n<div class=\"col\">\r\n<h2>Restaurant du Cheval Blanc<\/h2>\r\nRue du Grand-Pont 23<br \/>\r\n1950 Sion<br \/>\r\nt\u00e9l: +41 (0)27 322 18 67<br \/>\r\n<a href=\"http:\/\/www.au-cheval-blanc.ch\">website<\/a>\r\n<\/div>\r\n\r\n<div class=\"col\">\r\n<h2>Relais du Mont d&#8217;Orge<\/h2>\r\nRte du Sanetsch 99<br \/>\r\n1950 Sion<br \/>\r\n<\/div>\r\n\r\n<div class=\"col\">\r\n<h2>\u0152noth\u00e8que Ch\u00e2teau de Villa<\/h2>\r\nRue de Sainte-Catherine 4<br \/>\r\n3960 Sierre<br \/>\r\nt\u00e9l: +41 (0)27 455 18 96<br \/>\r\n<a href=\"http:\/\/www.chateaudevilla.ch\/restaurant-oenotheque\">website<\/a>\r\n<\/div>\r\n\r\n<div class=\"col\">\r\n<h2>Chetzeron<\/h2>\r\nChemin de Cry d&#8217;Err 9<br \/>\r\n3963 Crans-Montana<br \/>\r\nt\u00e9l: +41 (0)27 485 08 08<br \/>\r\n<a href=\"http:\/\/www.chetzeron.ch\">website<\/a>\r\n<\/div>\r\n\r\n<div class=\"col\">\r\n<h2>Hostellerie du Pas de L\u2019Ours<\/h2>\r\nRue du Pas de l\u2019Ours 41<br \/>\r\n3963 Crans-Montana<br \/>\r\nt\u00e9l: +41 (0)27 485 93 33<br \/>\r\n<a href=\"http:\/\/www.pasdelours.ch\/restaurant-oenotheque\">website<\/a>\r\n<\/div>\r\n\r\n<div class=\"col\">\r\n<h2>Tr\u00e4chu Hittu<\/h2>\r\nUntere Feselalpe 5<br \/>\r\nBKA Jeizinen<br \/>\r\nt\u00e9l: +41 (0)77 474 02 90<br \/>\r\n<a href=\"https:\/\/www.tr\u00e4chuhittu.ch\/\">website<\/a>\r\n<\/div>\r\n\r\n<\/div>","protected":false},"excerpt":{"rendered":"Unsere Weine finden Sie in folgenden Gastrobetrieben: Cave SA Rue de Malagny 28 1196 Gland t\u00e9l: +41 (0)22 354 20 20 website Le magasin Vinurba SA Rue de la Tournelle 22A 1350 Orbe t\u00e9l: +41 (0)24 441 61 70 website L&#8217;h\u00f4tel de la Gare Av. de la Gare 13 1522 Lucens t\u00e9l: +41 (0)21 906 [&hellip;]","protected":false},"author":1,"featured_media":0,"parent":184,"menu_order":3,"comment_status":"closed","ping_status":"closed","template":"","meta":{"footnotes":""},"class_list":["post-194","page","type-page","status-publish","hentry"],"_links":{"self":[{"href":"https:\/\/weingut-cipolla.ch\/2023\/de\/wp-json\/wp\/v2\/pages\/194","targetHints":{"allow":["GET"]}}],"collection":[{"href":"https:\/\/weingut-cipolla.ch\/2023\/de\/wp-json\/wp\/v2\/pages"}],"about":[{"href":"https:\/\/weingut-cipolla.ch\/2023\/de\/wp-json\/wp\/v2\/types\/page"}],"author":[{"embeddable":true,"href":"https:\/\/weingut-cipolla.ch\/2023\/de\/wp-json\/wp\/v2\/users\/1"}],"replies":[{"embeddable":true,"href":"https:\/\/weingut-cipolla.ch\/2023\/de\/wp-json\/wp\/v2\/comments?post=194"}],"version-history":[{"count":20,"href":"https:\/\/weingut-cipolla.ch\/2023\/de\/wp-json\/wp\/v2\/pages\/194\/revisions"}],"predecessor-version":[{"id":2605,"href":"https:\/\/weingut-cipolla.ch\/2023\/de\/wp-json\/wp\/v2\/pages\/194\/revisions\/2605"}],"up":[{"embeddable":true,"href":"https:\/\/weingut-cipolla.ch\/2023\/de\/wp-json\/wp\/v2\/pages\/184"}],"wp:attachment":[{"href":"https:\/\/weingut-cipolla.ch\/2023\/de\/wp-json\/wp\/v2\/media?parent=194"}],"curies":[{"name":"wp","href":"https:\/\/api.w.org\/{rel}","templated":true}]}}