{"id":194,"date":"2015-12-29T13:34:00","date_gmt":"2015-12-29T12:34:00","guid":{"rendered":"https:\/\/weingut-cipolla.ch\/2023\/?page_id=194"},"modified":"2023-06-14T14:01:42","modified_gmt":"2023-06-14T13:01:42","slug":"nos-partenaires","status":"publish","type":"page","link":"https:\/\/weingut-cipolla.ch\/2023\/fr\/nous-trouver\/nos-partenaires\/","title":{"rendered":"Nos partenaires"},"content":{"rendered":"<p>Vous retrouverez nos vins dans ces \u00e9tablissements:<\/p>\r\n\r\n<div class=\"partners\">\r\n\r\n<div class=\"col\">\r\n<h2>Cave SA<\/h2>\r\nRue de Malagny 28<br \/>\r\n1196 Gland<br \/>\r\nt\u00e9l: +41 (0)22 354 20 20<br \/>\r\n<a href=\"http:\/\/www.cavesa.ch\/\">voir le site internet<\/a>\r\n<\/div>\r\n\r\n<div class=\"col\">\r\n<h2>L&rsquo;h\u00f4tel de la Gare<\/h2>\r\nAv. de la Gare 13<br \/>\r\n1522 Lucens<br \/>\r\nt\u00e9l: +41 (0)21 906 12 50<br \/>\r\n<a href=\"http:\/\/www.hoteldelagarelucens.ch\/\">voir le site internet<\/a>\r\n<\/div>\r\n\r\n<div class=\"col\">\r\n<h2>Piccands vins<\/h2>\r\nRoute des Grandseys 81<br \/>\r\n1564 Domdidier<br \/>\r\nt\u00e9l: +41 (0)26 675 13 24<br \/>\r\n<a href=\"http:\/\/www.cl-piccand.ch\/\">voir le site internet<\/a>\r\n<\/div>\r\n\r\n<div class=\"col\">\r\n<h2>Le Ch\u00e2tel<\/h2>\r\nAv. de la Gare 52<br \/>\r\n1618 Ch\u00e2tel-Saint-Denis<br \/>\r\nt\u00e9l: +41 (0)21 931 44 44<br \/>\r\n<a href=\"https:\/\/lechatel.ch\">voir le site internet<\/a>\r\n<\/div>\r\n\r\n<div class=\"col\">\r\n<h2>Caf\u00e9 du March\u00e9<\/h2>\r\nRue des Epouses 10<br \/>\r\n1700 Fribourg<br \/>\r\nt\u00e9l: +41 (0)26 321 42 20<br \/>\r\n&nbsp;\r\n<\/div>\r\n\r\n<div class=\"col\">\r\n<h2>Jo. Bar de quartier<\/h2>\r\nRue du Criblet 11<br \/>\r\n1700 Fribourg<br \/>\r\nt\u00e9l: +41 (0)26 525 15 15<br \/>\r\n<a href=\"http:\/\/www.jobardequartier.ch\/\">voir le site internet<\/a>\r\n<\/div>\r\n\r\n<div class=\"col\">\r\n<h2>Le P\u00e9rolles<\/h2>\r\nBoulevard de P\u00e9rolles 1<br \/>\r\n1700 Fribourg<br \/>\r\nt\u00e9l: +41 (0)26 347 40 30<br \/>\r\n<a href=\"http:\/\/leperolles.ch\/\">voir le site internet<\/a>\r\n<\/div>\r\n\r\n<div class=\"col\">\r\n<h2>Le Chalet Gourmand<\/h2>\r\nRoute des Muverans 21<br \/>\r\n1911 Ovronnaz<br \/>\r\nt\u00e9l: +41 (0)27 306 84 04<br \/>\r\n<a href=\"https:\/\/www.chaletgourmand-ovronnaz.ch\/\">voir le site internet<\/a>\r\n<\/div>\r\n\r\n<div class=\"col\">\r\n<h2>Soleil de Dugny<\/h2>\r\nRoute d&rsquo;Ovronnaz 556<br \/>\r\n1912 Dugny (Leytron)<br \/>\r\n<\/div>\r\n\r\n<div class=\"col\">\r\n<h2>Cellier du Manoir<\/h2>\r\nRue du Bourg 16<br \/>\r\n1920 Martigny<br \/>\r\nt\u00e9l: +41 (0)27 722 07 07<br \/>\r\n<a href=\"http:\/\/cellier.ch\/\">voir le site internet<\/a>\r\n<\/div>\r\n\r\n<div class=\"col\">\r\n<h2>Les Touristes<\/h2>\r\nRue de l&rsquo;H\u00f4pital 2<br \/>\r\n1920 Martigny<br \/>\r\n<\/div>\r\n\r\n<div class=\"col\">\r\n<h2>Experimental Chalet<\/h2>\r\nRoute de Verbier Station 44<br \/>\r\n1936 Verbier<br \/>\r\nt\u00e9l: +41 (0)27 775 40 00<br \/>\r\n<a href=\"http:\/\/www.experimentalchalet.com\/\">voir le site internet<\/a>\r\n<\/div>\r\n\r\n<div class=\"col\">\r\n<h2>Cellier du Manoir<\/h2>\r\nRue du Grand-Pont 23<br \/>\r\n1950 Sion<br \/>\r\nt\u00e9l: +41 (0)27 321 39 69<br \/>\r\n<a href=\"http:\/\/cellier.ch\/\">voir le site internet<\/a>\r\n<\/div>\r\n\r\n<div class=\"col\">\r\n<h2>Grotto de la Fontaine<\/h2>\r\nRue du Grand-Pont 21<br \/>\r\n1950 Sion<br \/>\r\nt\u00e9l: +41 (0)27 323 83 77<br \/>\r\n<a href=\"http:\/\/www.grotto-fontaine.ch\/\">voir le site internet<\/a>\r\n<\/div>\r\n\r\n<div class=\"col\">\r\n<h2>Restaurant du Cheval Blanc<\/h2>\r\nRue du Grand-Pont 23<br \/>\r\n1950 Sion<br \/>\r\nt\u00e9l: +41 (0)27 322 18 67<br \/>\r\n<a href=\"http:\/\/www.au-cheval-blanc.ch\">voir le site internet<\/a>\r\n<\/div>\r\n\r\n<div class=\"col\">\r\n<h2>Relais du Mont d&rsquo;Orge<\/h2>\r\nRte du Sanetsch 99<br \/>\r\n1950 Sion<br \/>\r\n<\/div>\r\n\r\n<div class=\"col\">\r\n<h2>La p&rsquo;tite maison<\/h2>\r\nRue de l&rsquo;Eglise 28<br \/>\r\n1955 Saint-Pierre-de-Clages<br \/>\r\nt\u00e9l: +41 (0) 27 306 42 62<br \/>\r\n<a href=\"https:\/\/ptitemaison.ch\">voir le site internet<\/a>\r\n<\/div>\r\n\r\n<div class=\"col\">\r\n<h2>Restaurant Werkhof<\/h2>\r\nK\u00f6nizstrasse 172<br \/>\r\n3097 Liebefeld<br \/>\r\nt\u00e9l: +41 (0) 31 921 44 44<br \/>\r\n<a href=\"https:\/\/www.restaurantwerkhof.ch\">voir le site internet<\/a>\r\n<\/div>\r\n\r\n<div class=\"col\">\r\n<h2>La Grappe<\/h2>\r\nRuelle du Manoir 22<br \/>\r\n3960 Sierre<br \/>\r\nt\u00e9l: +41 (0)76 606 50 08<br \/>\r\n<a href=\"https:\/\/lagrappe.ch\/\">voir le site internet<\/a>\r\n<\/div>\r\n\r\n<div class=\"col\">\r\n<h2>\u0152noth\u00e8que Ch\u00e2teau de Villa<\/h2>\r\nRue de Sainte-Catherine 4<br \/>\r\n3960 Sierre<br \/>\r\nt\u00e9l: +41 (0)27 455 18 96<br \/>\r\n<a href=\"http:\/\/www.chateaudevilla.ch\/restaurant-oenotheque\">voir le site internet<\/a>\r\n<\/div>\r\n\r\n<div class=\"col\">\r\n<h2>Relais des M\u00e9l\u00e8zes<\/h2>\r\nRue du Ch\u00e2teau 1<br \/>\r\n3961 Vissoie<br \/>\r\nt\u00e9l: +41 (0)27 475 13 15<br \/>\r\n<a href=\"https:\/\/relaism.ch\/\">voir le site internet<\/a>\r\n<\/div>\r\n\r\n<div class=\"col\">\r\n<h2>Chetzeron<\/h2>\r\nChemin de Cry d&rsquo;Err 9<br \/>\r\n3963 Crans-Montana<br \/>\r\nt\u00e9l: +41 (0)27 485 08 08<br \/>\r\n<a href=\"http:\/\/www.chetzeron.ch\">voir le site internet<\/a>\r\n<\/div>\r\n\r\n<div class=\"col\">\r\n<h2>Hostellerie du Pas de L\u2019Ours<\/h2>\r\nRue du Pas de l\u2019Ours 41<br \/>\r\n3963 Crans-Montana<br \/>\r\nt\u00e9l: +41 (0)27 485 93 33<br \/>\r\n<a href=\"http:\/\/www.pasdelours.ch\/restaurant-oenotheque\">voir le site internet<\/a>\r\n<\/div>\r\n\r\n<div class=\"col\">\r\n<h2>Tr\u00e4chu Hittu<\/h2>\r\nUntere Feselalpe 5<br \/>\r\nBKA Jeizinen<br \/>\r\nt\u00e9l: +41 (0)77 474 02 90<br \/>\r\n<a href=\"https:\/\/www.tr\u00e4chuhittu.ch\/\">voir le site internet<\/a>\r\n<\/div>\r\n\r\n<\/div>","protected":false},"excerpt":{"rendered":"Vous retrouverez nos vins dans ces \u00e9tablissements: Cave SA Rue de Malagny 28 1196 Gland t\u00e9l: +41 (0)22 354 20 20 voir le site internet L&rsquo;h\u00f4tel de la Gare Av. de la Gare 13 1522 Lucens t\u00e9l: +41 (0)21 906 12 50 voir le site internet Piccands vins Route des Grandseys 81 1564 Domdidier t\u00e9l: [&hellip;]","protected":false},"author":1,"featured_media":0,"parent":184,"menu_order":3,"comment_status":"closed","ping_status":"closed","template":"","meta":{"footnotes":""},"class_list":["post-194","page","type-page","status-publish","hentry"],"_links":{"self":[{"href":"https:\/\/weingut-cipolla.ch\/2023\/fr\/wp-json\/wp\/v2\/pages\/194","targetHints":{"allow":["GET"]}}],"collection":[{"href":"https:\/\/weingut-cipolla.ch\/2023\/fr\/wp-json\/wp\/v2\/pages"}],"about":[{"href":"https:\/\/weingut-cipolla.ch\/2023\/fr\/wp-json\/wp\/v2\/types\/page"}],"author":[{"embeddable":true,"href":"https:\/\/weingut-cipolla.ch\/2023\/fr\/wp-json\/wp\/v2\/users\/1"}],"replies":[{"embeddable":true,"href":"https:\/\/weingut-cipolla.ch\/2023\/fr\/wp-json\/wp\/v2\/comments?post=194"}],"version-history":[{"count":20,"href":"https:\/\/weingut-cipolla.ch\/2023\/fr\/wp-json\/wp\/v2\/pages\/194\/revisions"}],"predecessor-version":[{"id":2605,"href":"https:\/\/weingut-cipolla.ch\/2023\/fr\/wp-json\/wp\/v2\/pages\/194\/revisions\/2605"}],"up":[{"embeddable":true,"href":"https:\/\/weingut-cipolla.ch\/2023\/fr\/wp-json\/wp\/v2\/pages\/184"}],"wp:attachment":[{"href":"https:\/\/weingut-cipolla.ch\/2023\/fr\/wp-json\/wp\/v2\/media?parent=194"}],"curies":[{"name":"wp","href":"https:\/\/api.w.org\/{rel}","templated":true}]}}