{"id":69,"date":"2015-04-29T07:19:46","date_gmt":"2015-04-29T06:19:46","guid":{"rendered":"https:\/\/weingut-cipolla.ch\/2023\/?page_id=69"},"modified":"2026-03-31T12:44:02","modified_gmt":"2026-03-31T11:44:02","slug":"news","status":"publish","type":"page","link":"https:\/\/weingut-cipolla.ch\/2023\/fr\/news\/","title":{"rendered":"Actualit\u00e9s"},"content":{"rendered":"<h1>Prochains \u00e9v\u00e9nements<\/h1>\r\n<ul class=\"next\">\r\n<li>9 avril, Berne, Bellevue Palace, 16h-21h Les Vignerons encaveurs du Valais<\/li>\r\n<li>10 et 11 avril Oenofestival \u00e0 Martigny (billets gratuits par e-mail)<\/li>\r\n<li>16 avril, Fribourg, La Grenette, 16h-21h Les Vignerons encaveurs du Valais<\/li>\r\n<li>23 avril, Zurich, Theaterhaus Gessnerallee, 16h-21h Les Vignerons encaveurs du Valais<\/li>\r\n<li>9 mai, D\u00e9gustation de l&rsquo;Ami Divin, Salle communale de Middes<\/li>\r\n<li>14 au 16 mai, Caves ouvertes des vins du Valais, Carnotzet Raron<\/li>\r\n<!--\r\n\t<li>les 7 et 8 novembre, <strong>St Moss Vino \u00e0 Saint-Maurice<\/strong><\/li>\r\n\t<li>les 15 et 16 novembre, <strong>Festivins \u00e0 Belfaux<\/strong> (Billets gratuits disponibles sur demande <a href=\"mailto:info@weingut-cipolla.ch\">par e-mail<\/a>)<\/li>\r\n\t<li>le jeudi 27 novembre \u00e0 partir de 18h, <strong>traditionnelle d\u00e9gustation et raclette \u00e0 la Grange \u00e0 Villars-sur-Gl\u00e2ne<\/strong> (inscriptions souhait\u00e9es <a href=\"mailto:info@weingut-cipolla.ch\">par e-mail<\/a> avant le 20 novembre)<\/li>\r\n\t<li>30 avril de 16h \u00e0 21h, <strong>d\u00e9gustation \u00e0 Forum Fribourg<\/strong> (Entr\u00e9e gratuite)<\/li>\r\n<em>Aucun \u00e9v\u00e8nement \u00e0 venir<\/em>\r\n-->\r\n<\/ul>\r\n\r\n\r\n\r\n<h1>Coin presse<\/h1>\r\n<a class=\"vignette\" style=\"background-image: url('https:\/\/weingut-cipolla.ch\/2023\/wp-content\/uploads\/presse\/211201_GaultMillau.jpg');\" href=\"https:\/\/www.gaultmillau.ch\/fr\/le-vin\/dix-nouveaux-vignerons\" target=\"_blank\" rel=\"noopener noreferrer\"><span><strong>S\u00e9lection Gault&amp;Millau 2022<\/strong><\/span><\/a>\r\n\r\n<a class=\"vignette\" style=\"background-image: url('https:\/\/weingut-cipolla.ch\/2023\/wp-content\/uploads\/presse\/211208_GaultMillau.jpg');\" href=\"https:\/\/www.gaultmillau.ch\/fr\/le-vin\/les-43-meilleurs-vignerons-valaisans\" target=\"_blank\" rel=\"noopener noreferrer\"><span><strong>Les 43 meilleurs vignerons valaisans<\/strong>\r\nd\u00e9cembre 2021<\/span><\/a>\r\n\r\n<a class=\"vignette\" style=\"background-image: url('https:\/\/weingut-cipolla.ch\/2023\/wp-content\/uploads\/presse\/202104_Vinum.jpg');\" href=\"https:\/\/weingut-cipolla.ch\/2023\/wp-content\/uploads\/presse\/202104_Vinum_DE.pdf\" target=\"_blank\" rel=\"noopener noreferrer\"><span><strong>Magazin Vinum 2022<\/strong><br \/>\r\nNovember 2021<\/span><\/a>\r\n\r\n<a class=\"vignette\" style=\"background-image: url('https:\/\/weingut-cipolla.ch\/2023\/wp-content\/uploads\/presse\/202008_terroirs.jpg');\" href=\"https:\/\/weingut-cipolla.ch\/2023\/wp-content\/uploads\/presse\/202008_terroirs.pdf\" target=\"_blank\" rel=\"noopener noreferrer\"><span><strong>Caves ouvertes 2020<\/strong>\r\n25 ao\u00fbt 2020<\/span><\/a>\r\n\r\n<a class=\"vignette\" style=\"background-image: url('https:\/\/weingut-cipolla.ch\/2023\/wp-content\/uploads\/presse\/202004_laliberte.jpg');\" href=\"https:\/\/www.laliberte.ch\/news\/magazine\/page-jeunes\/viticulteur-un-travail-au-rythme-de-la-nature-561059\" target=\"_blank\" rel=\"noopener noreferrer\"><span><strong>La Libert\u00e9<\/strong>\r\n20 avril 2020<\/span><\/a>\r\n\r\n<a class=\"vignette\" style=\"background-image: url('https:\/\/weingut-cipolla.ch\/2023\/wp-content\/uploads\/presse\/202003_letemps.jpg');\" href=\"https:\/\/weingut-cipolla.ch\/2023\/wp-content\/uploads\/presse\/20200321_LTRomainCipolla.pdf\" target=\"_blank\" rel=\"noopener noreferrer\"><span><strong>Chronique Le Temps<\/strong>\r\n21 mars 2020<\/span><\/a>\r\n\r\n<a class=\"vignette\" style=\"background-image: url('https:\/\/weingut-cipolla.ch\/2023\/wp-content\/uploads\/presse\/201906_latele.jpg');\" href=\"http:\/\/www.latele.ch\/play?i=actu-fribourg-tas-ou-les-vignes-18-06-2019-1800\" target=\"_blank\" rel=\"noopener noreferrer\"><span><strong>Reportage sur La T\u00e9l\u00e9<\/strong>\r\n18 juin 2019<\/span><\/a>\r\n\r\n<a class=\"vignette\" style=\"background-image: url('https:\/\/weingut-cipolla.ch\/2023\/wp-content\/uploads\/presse\/201905_rts.jpg');\" href=\"https:\/\/www.rts.ch\/play\/tv\/12h45\/video\/les-caves-des-vins-du-valais-sont-ouvertes?id=10472040\" target=\"_blank\" rel=\"noopener noreferrer\"><span><strong>12h45 sur la RTS<\/strong>\r\n30 mai 2019<\/span><\/a>\r\n\r\n<a class=\"vignette\" style=\"background-image: url('https:\/\/weingut-cipolla.ch\/2023\/wp-content\/uploads\/presse\/201809_lecho.jpg');\" href=\"https:\/\/weingut-cipolla.ch\/2023\/wp-content\/uploads\/presse\/201809_lecho.pdf\" target=\"_blank\" rel=\"noopener noreferrer\"><span><strong>L&rsquo;\u00c9cho magazine<\/strong>\r\n20 septembre 2018<\/span><\/a>\r\n\r\n<a class=\"vignette\" style=\"background-image: url('https:\/\/weingut-cipolla.ch\/2023\/wp-content\/uploads\/presse\/20170130_laliberte.jpg');\" href=\"https:\/\/weingut-cipolla.ch\/2023\/wp-content\/uploads\/presse\/20170130_laliberte.pdf\" target=\"_blank\" rel=\"noopener noreferrer\"><span><strong>La Libert\u00e9<\/strong>\r\n30 janvier 2017<\/span><\/a>\r\n\r\n<a class=\"vignette\" style=\"background-image: url('https:\/\/weingut-cipolla.ch\/2023\/wp-content\/uploads\/presse\/20161026_lenouvelliste.jpg');\" href=\"http:\/\/www.lenouvelliste.ch\/videos\/valais\/les-vignes-valaisannes-extremes-romain-cipolla-cultive-une-parcelle-d-une-pente-de-30-a-rarogne-589621\" target=\"_blank\" rel=\"noopener noreferrer\"><strong>Le Nouvelliste<\/strong>\r\n26 octobre 2016<\/span><\/a>\r\n\r\n<a class=\"vignette\" style=\"background-image: url('https:\/\/weingut-cipolla.ch\/2023\/wp-content\/uploads\/presse\/20161019_srf.jpg');\" href=\"http:\/\/www.srf.ch\/sendungen\/schweiz-aktuell\/stirn-bieten-verzweiflungstat-weltneuheit\" target=\"_blank\" rel=\"noopener noreferrer\"><strong>SRF<\/strong>\r\n19 octobre 2016<\/span><\/a>\r\n\r\n<a class=\"vignette\" style=\"background-image: url('https:\/\/weingut-cipolla.ch\/2023\/wp-content\/uploads\/presse\/20160811_terreetnature.jpg');\" href=\"https:\/\/weingut-cipolla.ch\/2023\/wp-content\/uploads\/presse\/20160811_terreetnature.pdf\" target=\"_blank\" rel=\"noopener noreferrer\"><span><strong>Terre et Nature<\/strong>\r\n11 ao\u00fbt 2016<\/span><\/a>\r\n\r\n<a class=\"vignette fancybox-iframe\" style=\"background-image: url('https:\/\/weingut-cipolla.ch\/2023\/wp-content\/uploads\/presse\/20160722_rts.jpg');\" href=\"https:\/\/weingut-cipolla.ch\/2023\/wp-content\/uploads\/presse\/20160722_rts.html\"><span><strong>RTS &#8211; Couleurs d&rsquo;\u00e9t\u00e9<\/strong>\r\n22 juillet 2016<\/span><\/a>\r\n\r\n<a class=\"vignette\" style=\"background-image: url('https:\/\/weingut-cipolla.ch\/2023\/wp-content\/uploads\/presse\/201605_Vinum.jpg');\" href=\"https:\/\/weingut-cipolla.ch\/2023\/wp-content\/uploads\/presse\/201605_Vinum.pdf\" target=\"_blank\" rel=\"noopener noreferrer\"><span><strong>Le magazine Vinum<\/strong>\r\nmai-juin 2016<\/span><\/a>\r\n\r\n<a class=\"vignette\" style=\"background-image: url('https:\/\/weingut-cipolla.ch\/2023\/wp-content\/uploads\/presse\/20150318_LeNouvelliste_tbn.jpg');\" href=\"https:\/\/weingut-cipolla.ch\/2023\/wp-content\/uploads\/presse\/20150318_LeNouvelliste.jpg\" target=\"_blank\" rel=\"noopener noreferrer\"><span><strong>Le Nouvelliste<\/strong>\r\n18 mars 2015<\/span><\/a>\r\n\r\n<a class=\"vignette\" style=\"background-image: url('https:\/\/weingut-cipolla.ch\/2023\/wp-content\/uploads\/presse\/20150313_JournalDeSierre_tbn.jpg');\" href=\"https:\/\/weingut-cipolla.ch\/2023\/wp-content\/uploads\/presse\/20150313_JournalDeSierre.pdf\" target=\"_blank\" rel=\"noopener noreferrer\"><span><strong>Le Journal de Sierre<\/strong>\r\n13 mars 2015<\/span><\/a>","protected":false},"excerpt":{"rendered":"Prochains \u00e9v\u00e9nements 9 avril, Berne, Bellevue Palace, 16h-21h Les Vignerons encaveurs du Valais 10 et 11 avril Oenofestival \u00e0 Martigny (billets gratuits par e-mail) 16 avril, Fribourg, La Grenette, 16h-21h Les Vignerons encaveurs du Valais 23 avril, Zurich, Theaterhaus Gessnerallee, 16h-21h Les Vignerons encaveurs du Valais 9 mai, D\u00e9gustation de l&rsquo;Ami Divin, Salle communale de [&hellip;]","protected":false},"author":1,"featured_media":0,"parent":0,"menu_order":2,"comment_status":"closed","ping_status":"closed","template":"","meta":{"footnotes":""},"class_list":["post-69","page","type-page","status-publish","hentry"],"_links":{"self":[{"href":"https:\/\/weingut-cipolla.ch\/2023\/fr\/wp-json\/wp\/v2\/pages\/69","targetHints":{"allow":["GET"]}}],"collection":[{"href":"https:\/\/weingut-cipolla.ch\/2023\/fr\/wp-json\/wp\/v2\/pages"}],"about":[{"href":"https:\/\/weingut-cipolla.ch\/2023\/fr\/wp-json\/wp\/v2\/types\/page"}],"author":[{"embeddable":true,"href":"https:\/\/weingut-cipolla.ch\/2023\/fr\/wp-json\/wp\/v2\/users\/1"}],"replies":[{"embeddable":true,"href":"https:\/\/weingut-cipolla.ch\/2023\/fr\/wp-json\/wp\/v2\/comments?post=69"}],"version-history":[{"count":96,"href":"https:\/\/weingut-cipolla.ch\/2023\/fr\/wp-json\/wp\/v2\/pages\/69\/revisions"}],"predecessor-version":[{"id":2899,"href":"https:\/\/weingut-cipolla.ch\/2023\/fr\/wp-json\/wp\/v2\/pages\/69\/revisions\/2899"}],"wp:attachment":[{"href":"https:\/\/weingut-cipolla.ch\/2023\/fr\/wp-json\/wp\/v2\/media?parent=69"}],"curies":[{"name":"wp","href":"https:\/\/api.w.org\/{rel}","templated":true}]}}